{"id":7,"date":"2023-08-18T18:02:01","date_gmt":"2023-08-18T18:02:01","guid":{"rendered":"http:\/\/68.71.49.236\/?page_id=7"},"modified":"2023-10-12T00:31:30","modified_gmt":"2023-10-12T00:31:30","slug":"accueil","status":"publish","type":"page","link":"https:\/\/jlacombe.com\/","title":{"rendered":"Accueil"},"content":{"rendered":"<div class=\"wp-block-image is-style-default\">\n<figure class=\"aligncenter size-full is-resized\"><img loading=\"lazy\" decoding=\"async\" src=\"http:\/\/68.71.49.236\/wp-content\/uploads\/2023\/08\/logo-mountain-white.png\" alt=\"Jacinthe Lacombe IPSPL\" class=\"wp-image-119\" style=\"object-fit:contain;width:150px;height:150px\" width=\"150\" height=\"150\" srcset=\"https:\/\/jlacombe.com\/wp-content\/uploads\/2023\/08\/logo-mountain-white.png 512w, https:\/\/jlacombe.com\/wp-content\/uploads\/2023\/08\/logo-mountain-white-300x300.png 300w, https:\/\/jlacombe.com\/wp-content\/uploads\/2023\/08\/logo-mountain-white-150x150.png 150w\" sizes=\"auto, (max-width: 150px) 100vw, 150px\" \/><\/figure>\n<\/div>\n\n\n<h2 class=\"wp-block-heading alignwide has-text-align-center has-text-align-wide has-white-color has-text-color has-huge-font-size\" style=\"font-style:normal;font-weight:100;line-height:1;text-transform:none\">Jacinthe Lacombe<\/h2>\n\n\n\n<p class=\"has-text-align-center has-white-color has-text-color has-extra-small-font-size\">IPSPL, M. Sc., D.E.S.S.<\/p>\n\n\n\n<p class=\"has-text-align-center has-white-color has-text-color\"><strong>Rendez-vous de t\u00e9l\u00e9m\u00e9decine pour orth\u00e8ses et apn\u00e9e du sommeil<\/strong><\/p>\n\n\n\n<div class=\"wp-block-buttons is-content-justification-center is-layout-flex wp-container-core-buttons-is-layout-16018d1d wp-block-buttons-is-layout-flex\">\n<div class=\"wp-block-button\"><a class=\"wp-block-button__link has-text-align-center wp-element-button\" href=\"https:\/\/secure.medexa.com\/onlineAppointmentInformation?APIKey=8830DDF2AD8444C89CB70754C35E2474&amp;flowColor=354d75&amp;backgroundColor=ffffff\" style=\"border-radius:5px\" target=\"_blank\" rel=\"noreferrer noopener\">Prendre un Rendez-Vous<\/a><\/div>\n<\/div>\n","protected":false},"excerpt":{"rendered":"<p>Jacinthe Lacombe IPSPL, M. Sc., D.E.S.S. Rendez-vous de t\u00e9l\u00e9m\u00e9decine pour orth\u00e8ses et apn\u00e9e du sommeil<\/p>\n","protected":false},"author":3,"featured_media":0,"parent":0,"menu_order":0,"comment_status":"closed","ping_status":"closed","template":"","meta":{"footnotes":""},"class_list":["post-7","page","type-page","status-publish","hentry","entry"],"_links":{"self":[{"href":"https:\/\/jlacombe.com\/index.php?rest_route=\/wp\/v2\/pages\/7","targetHints":{"allow":["GET"]}}],"collection":[{"href":"https:\/\/jlacombe.com\/index.php?rest_route=\/wp\/v2\/pages"}],"about":[{"href":"https:\/\/jlacombe.com\/index.php?rest_route=\/wp\/v2\/types\/page"}],"author":[{"embeddable":true,"href":"https:\/\/jlacombe.com\/index.php?rest_route=\/wp\/v2\/users\/3"}],"replies":[{"embeddable":true,"href":"https:\/\/jlacombe.com\/index.php?rest_route=%2Fwp%2Fv2%2Fcomments&post=7"}],"version-history":[{"count":59,"href":"https:\/\/jlacombe.com\/index.php?rest_route=\/wp\/v2\/pages\/7\/revisions"}],"predecessor-version":[{"id":153,"href":"https:\/\/jlacombe.com\/index.php?rest_route=\/wp\/v2\/pages\/7\/revisions\/153"}],"wp:attachment":[{"href":"https:\/\/jlacombe.com\/index.php?rest_route=%2Fwp%2Fv2%2Fmedia&parent=7"}],"curies":[{"name":"wp","href":"https:\/\/api.w.org\/{rel}","templated":true}]}}